{"id":1339,"date":"2022-12-15T11:37:33","date_gmt":"2022-12-15T11:37:33","guid":{"rendered":"https:\/\/udrugatkosebojisutrajos.com\/?page_id=1339"},"modified":"2026-03-23T15:54:54","modified_gmt":"2026-03-23T14:54:54","slug":"kontakt","status":"publish","type":"page","link":"https:\/\/udrugatkosebojisutrajos.com\/?page_id=1339","title":{"rendered":"KONTAKT"},"content":{"rendered":"\t\t<div data-elementor-type=\"wp-page\" data-elementor-id=\"1339\" class=\"elementor elementor-1339\">\n\t\t\t\t<div class=\"elementor-element elementor-element-da608dd e-flex e-con-boxed e-con e-parent\" data-id=\"da608dd\" data-element_type=\"container\">\n\t\t\t\t\t<div class=\"e-con-inner\">\n\t\t<div class=\"elementor-element elementor-element-306b321 e-con-full e-flex e-con e-child\" data-id=\"306b321\" data-element_type=\"container\">\n\t\t\t\t<div class=\"elementor-element elementor-element-37dd013 elementor-widget elementor-widget-text-editor\" data-id=\"37dd013\" data-element_type=\"widget\" data-widget_type=\"text-editor.default\">\n\t\t\t\t<div class=\"elementor-widget-container\">\n\t\t\t\t\t\t\t\t\t<div data-colibri-id=\"1339-c1\" class=\"style-990 style-local-1339-c1 position-relative\">\n  <!----><p><\/p>\n<div data-colibri-component=\"section\" data-colibri-id=\"1339-c2\" id=\"about\" class=\"h-section h-section-global-spacing d-flex align-items-lg-center align-items-md-center align-items-center style-991 style-local-1339-c2 position-relative\">\n    <!----><br>\n    <!----><p><\/p>\n<div class=\"h-section-grid-container h-section-boxed-container\">\n      <!----><p><\/p>\n<div data-colibri-id=\"1339-c3\" class=\"h-row-container gutters-row-lg-0 gutters-row-md-0 gutters-row-0 gutters-row-v-lg-0 gutters-row-v-md-0 gutters-row-v-0 style-992 style-local-1339-c3 position-relative\">\n        <!----><p><\/p>\n<div class=\"h-row justify-content-lg-center justify-content-md-center justify-content-center align-items-lg-stretch align-items-md-stretch align-items-stretch gutters-col-lg-0 gutters-col-md-0 gutters-col-0 gutters-col-v-lg-0 gutters-col-v-md-0 gutters-col-v-0\">\n          <!----><p><\/p>\n<div class=\"h-column h-column-container d-flex h-col-lg-auto h-col-md-auto h-col-auto style-993-outer style-local-1339-c4-outer\">\n<div data-colibri-id=\"1339-c4\" class=\"d-flex h-flex-basis h-column__inner h-px-lg-0 h-px-md-0 h-px-0 v-inner-lg-0 v-inner-md-0 v-inner-0 style-993 style-local-1339-c4 position-relative\">\n              <!----><br>\n              <!----><p><\/p>\n<div class=\"w-100 h-y-container h-column__content h-column__v-align flex-basis-100 align-self-lg-start align-self-md-start align-self-start\">\n                <!----><p><\/p>\n<div data-colibri-id=\"1339-c5\" class=\"h-global-transition-all h-heading style-994 style-local-1339-c5 position-relative h-element\">\n                  <!----><p><\/p>\n<div class=\"h-heading__outer style-994 style-local-1339-c5\">\n                    <!----><br>\n                    <!----><p><\/p>\n<h5 class=\"\">KONTAKT<\/h5>\n<\/div>\n<\/div>\n<div data-colibri-id=\"1339-c6\" class=\"h-global-transition-all h-heading style-995 style-local-1339-c6 position-relative h-element\">\n                  <!----><p><\/p>\n<div class=\"h-heading__outer style-995 style-local-1339-c6\">\n                    <!----><br>\n                    <!----><p><\/p>\n<h2 class=\"\">Udruga&nbsp;<em style=\"font-family: Playfair Display;\"><br>Tko se boji sutra jo\u0161?<\/em><br>\n                      <br>Vukovar<\/h2>\n<\/div>\n<\/div>\n<div data-colibri-id=\"1339-c7\" class=\"h-text h-text-component style-2959 style-local-1339-c7 position-relative h-element\">\n                  <!----><br>\n                  <!----><p><\/p>\n<div class=\"\">\n<p>Sjedi\u0161te udruge:<\/p>\n<\/div>\n<\/div>\n<div data-colibri-id=\"1339-c8\" class=\"h-x-container style-2961 style-local-1339-c8 position-relative h-element\">\n                  <!----><p><\/p>\n<div class=\"h-x-container-inner style-dynamic-1339-c8-group style-2961-spacing style-local-1339-c8-spacing\"><span class=\"h-link__outer style-2962-outer style-local-1339-c9-outer d-inline-flex h-element\"><a h-use-smooth-scroll=\"true\" href=\"https:\/\/www.google.com\/maps\/place\/Tko+se+boji+sutra+jo%C5%A1%3F\/@45.3500855,18.9929499,17z\/data=!3m1!4b1!4m6!3m5!1s0x475c8f0000319353:0xe1c6a35f6af92b5e!8m2!3d45.3500855!4d18.9955302!16s%2Fg%2F11vmb54x69?entry=ttu&amp;g_ep=EgoyMDI1MTAyNi4wIKXMDSoASAFQAw%3D%3D\" target=\"_blank\" data-colibri-id=\"1339-c9\" class=\"d-flex w-100 align-items-center h-link style-2962 style-local-1339-c9 position-relative\"><!----><!----> <span>Vukovarski vitezova 37, 32000 Vukovar<\/span><\/a><br>\n                    <\/span>\n                  <\/div>\n<\/div>\n<div data-colibri-id=\"1339-c10\" class=\"h-text h-text-component style-2960 style-local-1339-c10 position-relative h-element\">\n                  <!----><br>\n                  <!----><p><\/p>\n<div class=\"\">\n<p>Radni prostor udruge:<\/p>\n<\/div>\n<\/div>\n<div data-colibri-id=\"1339-c11\" class=\"h-x-container style-2403 style-local-1339-c11 position-relative h-element\">\n                  <!----><p><\/p>\n<div class=\"h-x-container-inner style-dynamic-1339-c11-group style-2403-spacing style-local-1339-c11-spacing\"><span class=\"h-link__outer style-2404-outer style-local-1339-c12-outer d-inline-flex h-element\"><a h-use-smooth-scroll=\"true\" href=\"https:\/\/www.google.com\/maps\/place\/Ul.+Ivane+Brli%C4%87+Ma%C5%BEurani%C4%87+8,+32000,+Vukovar\/@45.334808,19.0162199,21z\/data=!4m6!3m5!1s0x475c8f78bd1ee075:0x6c33060c6e930bfb!8m2!3d45.3347529!4d19.0161864!16s%2Fg%2F11x6rbk07g?entry=ttu&amp;g_ep=EgoyMDI1MTAyNi4wIKXMDSoASAFQAw%3D%3D\" target=\"_blank\" data-colibri-id=\"1339-c12\" class=\"d-flex w-100 align-items-center h-link style-2404 style-local-1339-c12 position-relative\"><!----><!----> <span>Ivane Brli\u0107 Ma\u017eurani\u0107 8, 32000 Vukovar<\/span><\/a><br>\n                    <\/span>\n                  <\/div>\n<\/div>\n<div data-colibri-id=\"1339-c13\" class=\"h-x-container style-2405 style-local-1339-c13 position-relative h-element\">\n                  <!----><p><\/p>\n<div class=\"h-x-container-inner style-dynamic-1339-c13-group style-2405-spacing style-local-1339-c13-spacing\"><span class=\"h-link__outer style-2406-outer style-local-1339-c14-outer d-inline-flex h-element\"><a h-use-smooth-scroll=\"true\" href=\"mailto:tkosebojisutrajos@gmail.com\" target=\"_blank\" data-colibri-id=\"1339-c14\" class=\"d-flex w-100 align-items-center h-link style-2406 style-local-1339-c14 position-relative\"><!----><!----> <span>Mail: tkosebojisutrajos@gmail.com<\/span><\/a><br>\n                    <\/span>\n                  <\/div>\n<\/div>\n<div data-colibri-id=\"1339-c15\" class=\"h-x-container style-2401 style-local-1339-c15 position-relative h-element\">\n                  <!----><p><\/p>\n<div class=\"h-x-container-inner style-dynamic-1339-c15-group style-2401-spacing style-local-1339-c15-spacing\"><span class=\"h-link__outer style-2402-outer style-local-1339-c16-outer d-inline-flex h-element\"><a h-use-smooth-scroll=\"true\" href=\"tel:098636408\" target=\"_blank\" data-colibri-id=\"1339-c16\" class=\"d-flex w-100 align-items-center h-link style-2402 style-local-1339-c16 position-relative\"><!----><!----> <span>Mob: 098 636 408<\/span><\/a><br>\n                    <\/span>\n                  <\/div>\n<\/div>\n<div data-colibri-id=\"1339-c17\" class=\"h-text h-text-component style-996 style-local-1339-c17 position-relative h-element\">\n                  <!----><br>\n                  <!----><p><\/p>\n<div class=\"\">\n<p>OIB:&nbsp;95320916171<\/p>\n<p>Predsjednica: Maja Prakaturovi\u0107<\/p>\n<p>Tajnica: Gorana Janjatovi\u0107<\/p>\n<\/div>\n<\/div>\n<div data-colibri-id=\"1339-c18\" class=\"h-x-container style-2963 style-local-1339-c18 position-relative h-element\">\n                  <!----><p><\/p>\n<div class=\"h-x-container-inner style-dynamic-1339-c18-group style-2963-spacing style-local-1339-c18-spacing\"><span class=\"h-button__outer style-2964-outer style-local-1339-c19-outer d-inline-flex h-element\"><a h-use-smooth-scroll=\"true\" href=\"https:\/\/www.facebook.com\/tkosebojisutrajos\" target=\"_blank\" data-colibri-id=\"1339-c19\" class=\"d-flex w-100 align-items-center h-button justify-content-lg-center justify-content-md-center justify-content-center style-2964 style-local-1339-c19 position-relative\"><!----><!----> <span>FaceBook<\/span><\/a><br>\n                    <\/span><span class=\"h-button__outer style-2967-outer style-local-1339-c20-outer d-inline-flex h-element\"><a h-use-smooth-scroll=\"true\" href=\"https:\/\/www.instagram.com\/udrugatkosebojisutrajosvukovar\/\" target=\"_blank\" data-colibri-id=\"1339-c20\" class=\"d-flex w-100 align-items-center h-button justify-content-lg-center justify-content-md-center justify-content-center style-2967 style-local-1339-c20 position-relative\"><!----><!----> <span>INStagram<\/span><\/a><br>\n                    <\/span>\n                  <\/div>\n<\/div>\n<div data-colibri-id=\"1339-c21\" class=\"h-x-container style-4711 style-local-1339-c21 position-relative h-element\">\n                  <!----><p><\/p>\n<div class=\"h-x-container-inner style-dynamic-1339-c21-group style-4711-spacing style-local-1339-c21-spacing\"><span class=\"h-button__outer style-4712-outer style-local-1339-c22-outer d-inline-flex h-element\"><a h-use-smooth-scroll=\"true\" href=\"mailto:tkosebojisutrajos@gmail.com?subject=Prijava%20na%20newsletter\" target=\"_blank\" data-colibri-id=\"1339-c22\" class=\"d-flex w-100 align-items-center h-button justify-content-lg-center justify-content-md-center justify-content-center style-4712 style-local-1339-c22 position-relative\"><!----><!----> <span>Prijavi se na newsletter<\/span><\/a><br>\n                    <\/span>\n                  <\/div>\n<\/div><\/div><\/div><\/div><div class=\"h-column h-column-container d-flex h-col-lg-auto h-col-md-auto h-col-auto style-997-outer style-local-1339-c23-outer\"><div data-colibri-id=\"1339-c23\" class=\"d-flex h-flex-basis h-column__inner h-ui-empty-state-container h-px-lg-2 h-px-md-2 h-px-2 v-inner-lg-2 v-inner-md-2 v-inner-2 style-997 style-local-1339-c23 position-relative\">\n<\/div>\n<\/div>\n<\/div>\n<\/div>\n<\/div>\n<\/div>\n<div data-colibri-component=\"section\" data-colibri-id=\"1339-c24\" id=\"custom\" class=\"h-section h-section-global-spacing d-flex align-items-lg-center align-items-md-center align-items-center style-1213 style-local-1339-c24 position-relative\">\n    <!----><br>\n    <!----><p><\/p>\n<div class=\"h-section-grid-container h-section-boxed-container\">\n      <!----><p><\/p>\n<div data-colibri-id=\"1339-c25\" class=\"h-row-container gutters-row-lg-2 gutters-row-md-2 gutters-row-0 gutters-row-v-lg-2 gutters-row-v-md-2 gutters-row-v-2 style-1214 style-local-1339-c25 position-relative\">\n        <!----><p><\/p>\n<div class=\"h-row justify-content-lg-center justify-content-md-center justify-content-center align-items-lg-stretch align-items-md-stretch align-items-stretch gutters-col-lg-2 gutters-col-md-2 gutters-col-0 gutters-col-v-lg-2 gutters-col-v-md-2 gutters-col-v-2\">\n          <!----><p><\/p>\n<div class=\"h-column h-column-container d-flex h-col-lg-auto h-col-md-auto h-col-auto style-1215-outer style-local-1339-c26-outer\">\n<div data-colibri-id=\"1339-c26\" class=\"d-flex h-flex-basis h-column__inner h-px-lg-2 h-px-md-2 h-px-2 v-inner-lg-2 v-inner-md-2 v-inner-2 style-1215 style-local-1339-c26 position-relative\">\n              <!----><br>\n              <!----><p><\/p>\n<div class=\"w-100 h-y-container h-column__content h-column__v-align flex-basis-100 align-self-lg-start align-self-md-start align-self-start\">\n                <!----><p><\/p>\n<div data-colibri-id=\"1339-c27\" class=\"d-block style-1226 style-local-1339-c27 position-relative h-element\">\n                  <!----><p><\/p>\n<div class=\"h-image__frame-container-outer\">\n<div class=\"h-image__frame-container\">\n                      <!----><br>\n                      <!----><br>\n                      <img decoding=\"async\" width=\"150\" height=\"150\" src=\"https:\/\/udrugatkosebojisutrajos.com\/wp-content\/uploads\/2025\/10\/Maja.webp\" class=\"wp-image-4600 style-1226-image style-local-1339-c27-image\" alt=\"\" \/><p><\/p>\n<div class=\"h-image__frame h-hide-lg h-hide-md h-hide-sm style-1226-frameImage style-local-1339-c27-frameImage\"><\/div>\n<\/div>\n<\/div>\n<\/div>\n<div data-colibri-id=\"1339-c28\" class=\"h-text h-text-component style-1229 style-local-1339-c28 position-relative h-element\">\n                  <!----><br>\n                  <!----><p><\/p>\n<div class=\"\">\n<p>MAJA PRAKATUROVI\u0106<\/p>\n<p>PREDSJEDNICA UDRUGE I GLAVNOG ODBORA<\/p>\n<p>\n                      <br>                    <\/p>\n<\/div>\n<\/div>\n<\/div>\n<\/div>\n<\/div>\n<div class=\"h-column h-column-container d-flex h-col-lg-auto h-col-md-auto h-col-auto style-1216-outer style-local-1339-c29-outer\">\n<div data-colibri-id=\"1339-c29\" class=\"d-flex h-flex-basis h-column__inner h-px-lg-2 h-px-md-2 h-px-2 v-inner-lg-2 v-inner-md-2 v-inner-2 style-1216 style-local-1339-c29 position-relative\">\n              <!----><br>\n              <!----><p><\/p>\n<div class=\"w-100 h-y-container h-column__content h-column__v-align flex-basis-100 align-self-lg-start align-self-md-start align-self-start\">\n                <!----><p><\/p>\n<div data-colibri-id=\"1339-c30\" class=\"d-block style-1227 style-local-1339-c30 position-relative h-element\">\n                  <!----><p><\/p>\n<div class=\"h-image__frame-container-outer\">\n<div class=\"h-image__frame-container\">\n                      <!----><br>\n                      <!----><br>\n                      <img decoding=\"async\" width=\"153\" height=\"153\" src=\"https:\/\/udrugatkosebojisutrajos.com\/wp-content\/uploads\/2024\/03\/cropped-bp.png\" class=\"wp-image-2362 style-1227-image style-local-1339-c30-image\" alt=\"\" srcset=\"https:\/\/udrugatkosebojisutrajos.com\/wp-content\/uploads\/2024\/03\/cropped-bp.png 153w, https:\/\/udrugatkosebojisutrajos.com\/wp-content\/uploads\/2024\/03\/cropped-bp-150x150.png 150w\" sizes=\"(max-width: 153px) 100vw, 153px\" \/><p><\/p>\n<div class=\"h-image__frame h-hide-lg h-hide-md h-hide-sm style-1227-frameImage style-local-1339-c30-frameImage\"><\/div>\n<\/div>\n<\/div>\n<\/div>\n<div data-colibri-id=\"1339-c31\" class=\"h-text h-text-component style-1783 style-local-1339-c31 position-relative h-element\">\n                  <!----><br>\n                  <!----><p><\/p>\n<div class=\"\">\n<p>BILJANA&nbsp; PETROVI\u0106<\/p>\n<p>\u010cLAN GLAVNOG ODBORA<\/p>\n<\/div>\n<\/div>\n<\/div>\n<\/div>\n<\/div>\n<div class=\"h-column h-column-container d-flex h-col-lg-auto h-col-md-auto h-col-auto style-1217-outer style-local-1339-c32-outer\">\n<div data-colibri-id=\"1339-c32\" class=\"d-flex h-flex-basis h-column__inner h-px-lg-2 h-px-md-2 h-px-2 v-inner-lg-2 v-inner-md-2 v-inner-2 style-1217 style-local-1339-c32 position-relative\">\n              <!----><br>\n              <!----><p><\/p>\n<div class=\"w-100 h-y-container h-column__content h-column__v-align flex-basis-100 align-self-lg-start align-self-md-start align-self-start\">\n                <!----><p><\/p>\n<div data-colibri-id=\"1339-c33\" class=\"d-block style-1228 style-local-1339-c33 position-relative h-element\">\n                  <!----><p><\/p>\n<div class=\"h-image__frame-container-outer\">\n<div class=\"h-image__frame-container\">\n                      <!----><br>\n                      <!----><br>\n                      <img decoding=\"async\" width=\"150\" height=\"150\" src=\"https:\/\/udrugatkosebojisutrajos.com\/wp-content\/uploads\/2025\/10\/Lea.webp\" class=\"wp-image-4602 style-1228-image style-local-1339-c33-image\" alt=\"\" \/><p><\/p>\n<div class=\"h-image__frame h-hide-lg h-hide-md h-hide-sm style-1228-frameImage style-local-1339-c33-frameImage\"><\/div>\n<\/div>\n<\/div>\n<\/div>\n<div data-colibri-id=\"1339-c34\" class=\"h-text h-text-component style-1782 style-local-1339-c34 position-relative h-element\">\n                  <!----><br>\n                  <!----><p><\/p>\n<div class=\"\">\n<p>LEA PASTUOVI\u0106<\/p>\n<p>\u010cLAN GLAVNOG ODBORA<\/p>\n<\/div>\n<\/div>\n<\/div>\n<\/div>\n<\/div>\n<div class=\"h-column h-column-container d-flex h-col-lg-auto h-col-md-auto h-col-auto style-1770-outer style-local-1339-c35-outer\">\n<div data-colibri-id=\"1339-c35\" class=\"d-flex h-flex-basis h-column__inner h-px-lg-2 h-px-md-2 h-px-2 v-inner-lg-2 v-inner-md-2 v-inner-2 style-1770 style-local-1339-c35 position-relative\">\n              <!----><br>\n              <!----><p><\/p>\n<div class=\"w-100 h-y-container h-column__content h-column__v-align flex-basis-100 align-self-lg-start align-self-md-start align-self-start\">\n                <!----><p><\/p>\n<div data-colibri-id=\"1339-c36\" class=\"d-block style-1772 style-local-1339-c36 position-relative h-element\">\n                  <!----><p><\/p>\n<div class=\"h-image__frame-container-outer\">\n<div class=\"h-image__frame-container\">\n                      <!----><br>\n                      <!----><br>\n                      <img loading=\"lazy\" decoding=\"async\" width=\"150\" height=\"150\" src=\"https:\/\/udrugatkosebojisutrajos.com\/wp-content\/uploads\/2025\/10\/Klaudija.webp\" class=\"wp-image-4603 style-1772-image style-local-1339-c36-image\" alt=\"\" \/><p><\/p>\n<div class=\"h-image__frame h-hide-lg h-hide-md h-hide-sm style-1772-frameImage style-local-1339-c36-frameImage\"><\/div>\n<\/div>\n<\/div>\n<\/div>\n<div data-colibri-id=\"1339-c37\" class=\"h-text h-text-component style-1230 style-local-1339-c37 position-relative h-element\">\n                  <!----><br>\n                  <!----><p><\/p>\n<div class=\"\">\n<p>KLAUDIJA TIRKAJLA<\/p>\n<p>\u010cLAN GLAVNOG ODBORA<\/p>\n<\/div>\n<\/div>\n<\/div>\n<\/div>\n<\/div>\n<div class=\"h-column h-column-container d-flex h-col-lg-auto h-col-md-auto h-col-auto style-1771-outer style-local-1339-c38-outer\">\n<div data-colibri-id=\"1339-c38\" class=\"d-flex h-flex-basis h-column__inner h-px-lg-2 h-px-md-2 h-px-2 v-inner-lg-2 v-inner-md-2 v-inner-2 style-1771 style-local-1339-c38 position-relative\">\n              <!----><br>\n              <!----><p><\/p>\n<div class=\"w-100 h-y-container h-column__content h-column__v-align flex-basis-100 align-self-lg-start align-self-md-start align-self-start\">\n                <!----><p><\/p>\n<div data-colibri-id=\"1339-c39\" class=\"d-block style-1778 style-local-1339-c39 position-relative h-element\">\n                  <!----><p><\/p>\n<div class=\"h-image__frame-container-outer\">\n<div class=\"h-image__frame-container\">\n                      <!----><br>\n                      <!----><br>\n                      <img loading=\"lazy\" decoding=\"async\" width=\"145\" height=\"145\" src=\"https:\/\/udrugatkosebojisutrajos.com\/wp-content\/uploads\/2024\/03\/cropped-mk.png\" class=\"wp-image-2368 style-1778-image style-local-1339-c39-image\" alt=\"\" \/><p><\/p>\n<div class=\"h-image__frame h-hide-lg h-hide-md h-hide-sm style-1778-frameImage style-local-1339-c39-frameImage\"><\/div>\n<\/div>\n<\/div>\n<\/div>\n<div data-colibri-id=\"1339-c40\" class=\"h-text h-text-component style-1231 style-local-1339-c40 position-relative h-element\">\n                  <!----><br>\n                  <!----><p><\/p>\n<div class=\"\">\n<p>MAJA KAI\u0106<\/p>\n<p>\u010cLAN GLAVNOG ODBORA<\/p>\n<\/div>\n<\/div>\n<\/div>\n<\/div>\n<\/div>\n<div class=\"h-column h-column-container d-flex h-col-lg-auto h-col-md-auto h-col-auto style-1784-outer style-local-1339-c41-outer\">\n<div data-colibri-id=\"1339-c41\" class=\"d-flex h-flex-basis h-column__inner h-px-lg-2 h-px-md-2 h-px-2 v-inner-lg-2 v-inner-md-2 v-inner-2 style-1784 style-local-1339-c41 position-relative\">\n              <!----><br>\n              <!----><p><\/p>\n<div class=\"w-100 h-y-container h-column__content h-column__v-align flex-basis-100 align-self-lg-start align-self-md-start align-self-start\">\n                <!----><p><\/p>\n<div data-colibri-id=\"1339-c42\" class=\"d-block style-1786 style-local-1339-c42 position-relative h-element\">\n                  <!----><p><\/p>\n<div class=\"h-image__frame-container-outer\">\n<div class=\"h-image__frame-container\">\n                      <!----><br>\n                      <!----><br>\n                      <img loading=\"lazy\" decoding=\"async\" width=\"150\" height=\"150\" src=\"https:\/\/udrugatkosebojisutrajos.com\/wp-content\/uploads\/2025\/10\/Dorana.webp\" class=\"wp-image-4604 style-1786-image style-local-1339-c42-image\" alt=\"\" \/><p><\/p>\n<div class=\"h-image__frame h-hide-lg h-hide-md h-hide-sm style-1786-frameImage style-local-1339-c42-frameImage\"><\/div>\n<\/div>\n<\/div>\n<\/div>\n<div data-colibri-id=\"1339-c43\" class=\"h-text h-text-component style-1787 style-local-1339-c43 position-relative h-element\">\n                  <!----><br>\n                  <!----><p><\/p>\n<div class=\"\">\n<p>GORANA JANJATOVI\u0106<\/p>\n<p>TAJNICA UDRUGE<\/p>\n<\/div>\n<\/div>\n<\/div>\n<\/div>\n<\/div>\n<\/div>\n<\/div>\n<\/div>\n<\/div>\n<\/div>\t\t\t\t\t\t\t\t<\/div>\n\t\t\t\t<\/div>\n\t\t\t\t<\/div>\n\t\t\t\t\t<\/div>\n\t\t\t\t<\/div>\n\t\t\t\t<\/div>\n\t\t","protected":false},"excerpt":{"rendered":"<p>KONTAKT Udruga&nbsp;Tko se boji sutra jo\u0161? Vukovar Sjedi\u0161te udruge: Vukovarski vitezova 37, 32000 Vukovar Radni prostor udruge: Ivane Brli\u0107 Ma\u017eurani\u0107 8, 32000 Vukovar Mail: tkosebojisutrajos@gmail.com Mob: 098 636 408 OIB:&nbsp;95320916171 Predsjednica: Maja Prakaturovi\u0107 Tajnik: Branislav Radivojac FaceBook INStagram MAJA PRAKATUROVI\u0106 PREDSJEDNICA UDRUGE I GLAVNOG ODBORA BILJANA&nbsp; PETROVI\u0106 \u010cLAN GLAVNOG ODBORA LEA PASTUOVI\u0106 \u010cLAN GLAVNOG ODBORA [&hellip;]<\/p>\n","protected":false},"author":1,"featured_media":0,"parent":0,"menu_order":0,"comment_status":"closed","ping_status":"closed","template":"elementor_theme","meta":{"footnotes":""},"class_list":["post-1339","page","type-page","status-publish","hentry"],"_links":{"self":[{"href":"https:\/\/udrugatkosebojisutrajos.com\/index.php?rest_route=\/wp\/v2\/pages\/1339","targetHints":{"allow":["GET"]}}],"collection":[{"href":"https:\/\/udrugatkosebojisutrajos.com\/index.php?rest_route=\/wp\/v2\/pages"}],"about":[{"href":"https:\/\/udrugatkosebojisutrajos.com\/index.php?rest_route=\/wp\/v2\/types\/page"}],"author":[{"embeddable":true,"href":"https:\/\/udrugatkosebojisutrajos.com\/index.php?rest_route=\/wp\/v2\/users\/1"}],"replies":[{"embeddable":true,"href":"https:\/\/udrugatkosebojisutrajos.com\/index.php?rest_route=%2Fwp%2Fv2%2Fcomments&post=1339"}],"version-history":[{"count":20,"href":"https:\/\/udrugatkosebojisutrajos.com\/index.php?rest_route=\/wp\/v2\/pages\/1339\/revisions"}],"predecessor-version":[{"id":8772,"href":"https:\/\/udrugatkosebojisutrajos.com\/index.php?rest_route=\/wp\/v2\/pages\/1339\/revisions\/8772"}],"wp:attachment":[{"href":"https:\/\/udrugatkosebojisutrajos.com\/index.php?rest_route=%2Fwp%2Fv2%2Fmedia&parent=1339"}],"curies":[{"name":"wp","href":"https:\/\/api.w.org\/{rel}","templated":true}]}}