{"id":989,"date":"2022-11-14T23:11:28","date_gmt":"2022-11-14T23:11:28","guid":{"rendered":"https:\/\/udrugatkosebojisutrajos.com\/?page_id=989"},"modified":"2024-03-23T11:43:47","modified_gmt":"2024-03-23T11:43:47","slug":"doniraj","status":"publish","type":"page","link":"https:\/\/udrugatkosebojisutrajos.com\/?page_id=989","title":{"rendered":"DONIRAJ"},"content":{"rendered":"<div data-colibri-id=\"989-c1\" class=\"style-906 style-local-989-c1 position-relative\">\n  <!---->\n  <div data-colibri-component=\"section\" data-colibri-id=\"989-c2\" id=\"about\" class=\"h-section h-section-global-spacing d-flex align-items-lg-center align-items-md-center align-items-center style-907 style-local-989-c2 position-relative\">\n    <!---->\n    <!---->\n    <div class=\"h-section-grid-container h-section-boxed-container\">\n      <!---->\n      <div data-colibri-id=\"989-c3\" class=\"h-row-container gutters-row-lg-0 gutters-row-md-0 gutters-row-0 gutters-row-v-lg-0 gutters-row-v-md-0 gutters-row-v-0 style-908 style-local-989-c3 position-relative\">\n        <!---->\n        <div class=\"h-row justify-content-lg-center justify-content-md-center justify-content-center align-items-lg-stretch align-items-md-stretch align-items-stretch gutters-col-lg-0 gutters-col-md-0 gutters-col-0 gutters-col-v-lg-0 gutters-col-v-md-0 gutters-col-v-0\">\n          <!---->\n          <div class=\"h-column h-column-container d-flex h-col-lg-auto h-col-md-auto h-col-auto style-909-outer style-local-989-c4-outer\">\n            <div data-colibri-id=\"989-c4\" class=\"d-flex h-flex-basis h-column__inner h-px-lg-0 h-px-md-0 h-px-0 v-inner-lg-0 v-inner-md-0 v-inner-0 style-909 style-local-989-c4 position-relative\">\n              <!---->\n              <!---->\n              <div class=\"w-100 h-y-container h-column__content h-column__v-align flex-basis-100 align-self-lg-start align-self-md-start align-self-start\">\n                <!---->\n                <div data-colibri-id=\"989-c5\" class=\"h-global-transition-all h-heading style-910 style-local-989-c5 position-relative h-element\">\n                  <!---->\n                  <div class=\"h-heading__outer style-910 style-local-989-c5\">\n                    <!---->\n                    <!---->\n                    <h5 class=\"\">tko se boji sutra jo\u0161?<\/h5>\n                  <\/div>\n                <\/div>\n                <div data-colibri-id=\"989-c6\" class=\"h-global-transition-all h-heading style-911 style-local-989-c6 position-relative h-element\">\n                  <!---->\n                  <div class=\"h-heading__outer style-911 style-local-989-c6\">\n                    <!---->\n                    <!---->\n                    <h2 class=\"\">DONIRAJ<\/h2>\n                  <\/div>\n                <\/div>\n                <div data-colibri-id=\"989-c7\" class=\"h-text h-text-component style-912 style-local-989-c7 position-relative h-element\">\n                  <!---->\n                  <!---->\n                  <div class=\"\">\n                    <p>Kako gotovo sve na\u0161e projekte financiramo iz vlastitih izvora jo\u0161 uvijek mlade Udruge, ukoliko \u017eelite pomo\u0107i, podr\u017eati na\u0161 rad, donaciju mo\u017eete izvr\u0161iti na dolje navedeni ra\u010dun Udruge:<\/p>\n                    <p>\n                      <br>\n                    <\/p>\n                    <p>Naziv: Udruga Tko se boji sutra jo\u0161? Vukovar<\/p>\n                    <p>\n                      <br>\n                    <\/p>\n                    <p>IBAN: HR9825000091101503427<\/p>\n                    <p>SWIFT: HAABHR22<\/p>\n                    <p>\n                      <br>\n                    <\/p>\n                    <p>OD SRCA HVALA!<\/p>\n                    <p>DONIRAJ SREDSTVA ZA URE\u0110ENJE NOVOG PROSTORA:<\/p>\n                    <p>\n                      <a href=\"https:\/\/www.cinipravustvar.hr\/izazovi\/njihov-drugi-dom\/541\" target=\"_blank\" style=\"font-weight: 400; font-size: small; font-family: Arial, Helvetica, sans-serif; color: rgb(17, 85, 204);\" class=\"customize-unpreviewable\" rel=\"noopener\">https:\/\/www.cinipravustvar.hr\/izazovi\/njihov-drugi-dom\/541<\/a>\n                    <\/p>\n                  <\/div>\n                <\/div>\n              <\/div>\n            <\/div>\n          <\/div>\n          <div class=\"h-column h-column-container d-flex h-col-lg-auto h-col-md-auto h-col-auto style-913-outer style-local-989-c8-outer\">\n            <div data-colibri-id=\"989-c8\" class=\"d-flex h-flex-basis h-column__inner h-px-lg-0 h-px-md-0 h-px-0 v-inner-lg-0 v-inner-md-0 v-inner-0 style-913 style-local-989-c8 position-relative\">\n              <!---->\n              <!---->\n              <div class=\"w-100 h-y-container h-column__content h-column__v-align flex-basis-100 align-self-lg-start align-self-md-start align-self-start\">\n                <!---->\n                <div data-colibri-id=\"989-c9\" class=\"d-block style-914 style-local-989-c9 position-relative h-element\">\n                  <!---->\n                  <div class=\"h-image__frame-container-outer\">\n                    <div class=\"h-image__frame-container\">\n                      <!---->\n                      <!---->\n                      <img fetchpriority=\"high\" decoding=\"async\" width=\"1536\" height=\"2048\" src=\"https:\/\/udrugatkosebojisutrajos.com\/wp-content\/uploads\/2022\/11\/cropped-314416541_649223216689887_2858719664629061451_n.jpg\" class=\"wp-image-1006 style-914-image style-local-989-c9-image\" alt=\"\" srcset=\"https:\/\/udrugatkosebojisutrajos.com\/wp-content\/uploads\/2022\/11\/cropped-314416541_649223216689887_2858719664629061451_n.jpg 1536w, https:\/\/udrugatkosebojisutrajos.com\/wp-content\/uploads\/2022\/11\/cropped-314416541_649223216689887_2858719664629061451_n-225x300.jpg 225w, https:\/\/udrugatkosebojisutrajos.com\/wp-content\/uploads\/2022\/11\/cropped-314416541_649223216689887_2858719664629061451_n-768x1024.jpg 768w, https:\/\/udrugatkosebojisutrajos.com\/wp-content\/uploads\/2022\/11\/cropped-314416541_649223216689887_2858719664629061451_n-1152x1536.jpg 1152w\" sizes=\"(max-width: 1536px) 100vw, 1536px\" \/>\n                      <div class=\"h-image__frame h-hide-lg h-hide-md h-hide-sm style-914-frameImage style-local-989-c9-frameImage\"><\/div>\n                    <\/div>\n                  <\/div>\n                <\/div>\n              <\/div>\n            <\/div>\n          <\/div>\n        <\/div>\n      <\/div>\n    <\/div>\n  <\/div>\n  <div data-colibri-component=\"section\" data-colibri-id=\"989-c10\" id=\"custom\" class=\"h-section h-section-global-spacing d-flex align-items-lg-center align-items-md-center align-items-center style-1141 style-local-989-c10 position-relative\">\n    <!---->\n    <!---->\n    <div class=\"h-section-grid-container h-section-boxed-container\">\n      <!---->\n      <div data-colibri-id=\"989-c11\" class=\"h-row-container gutters-row-lg-2 gutters-row-md-2 gutters-row-0 gutters-row-v-lg-2 gutters-row-v-md-2 gutters-row-v-2 style-1142 style-local-989-c11 position-relative\">\n        <!---->\n        <div class=\"h-row justify-content-lg-center justify-content-md-center justify-content-center align-items-lg-stretch align-items-md-stretch align-items-stretch gutters-col-lg-2 gutters-col-md-2 gutters-col-0 gutters-col-v-lg-2 gutters-col-v-md-2 gutters-col-v-2\">\n          <!---->\n          <div class=\"h-column h-column-container d-flex h-col-lg-auto h-col-md-auto h-col-auto style-1143-outer style-local-989-c12-outer\">\n            <div data-colibri-id=\"989-c12\" class=\"d-flex h-flex-basis h-column__inner h-px-lg-2 h-px-md-2 h-px-2 v-inner-lg-2 v-inner-md-2 v-inner-2 style-1143 style-local-989-c12 position-relative\">\n              <!---->\n              <!---->\n              <div class=\"w-100 h-y-container h-column__content h-column__v-align flex-basis-100 align-self-lg-start align-self-md-start align-self-start\">\n                <!---->\n                <div data-colibri-id=\"989-c13\" class=\"h-text h-text-component style-1144 style-local-989-c13 position-relative h-element\">\n                  <!---->\n                  <!---->\n                  <div class=\"\">\n                    <p>DONATORI I SPONZORI<\/p>\n                    <p><em>Predrag Mi\u0161i\u0107- Pe\u0111a, BIKE SHOP Vukovar, Talent show d.o.o., INC d.o.o., Ivan Ivanac, Dru\u0161tvo prijatelja Hajduka, Moto klub Omi\u0161ki Gusari, Moto klub Golubica Vukovar, Ive Radi\u0107 i Tomislav \u017digo, Zvonimir Martinovi\u0107, Igor \u0160egec, Mamine ru\u010dice Vukovar, Lima baby , Na\u0161 dom , Bluemugs, Gimnasti\u010dki klub Vukovar, Andrija Brati\u010devi\u0107 (Tata je tata), Nikica Ani\u0107, Senka Nik\u0161i\u0107, Obitelj \u0106orluka-OPG Vukovarska lavanda, Linda lozo, Studio DEA Dream, Tvornica Borovo, Muzej Grada Vukovara, Pandin brlog d.o.o., Restoran Stari toranj, Papirus d.o.o., Turisti\u010dka zajednica grada Vukovara, KB d.o.o., Stjepan Jelica, NOVA TV\u2026<\/em><\/p>\n                  <\/div>\n                <\/div>\n              <\/div>\n            <\/div>\n          <\/div>\n        <\/div>\n      <\/div>\n    <\/div>\n  <\/div>\n<\/div>","protected":false},"excerpt":{"rendered":"<p>tko se boji sutra jo\u0161? DONIRAJ Kako gotovo sve na\u0161e projekte financiramo iz vlastitih izvora jo\u0161 uvijek mlade Udruge, ukoliko \u017eelite pomo\u0107i, podr\u017eati na\u0161 rad, donaciju mo\u017eete izvr\u0161iti na dolje navedeni ra\u010dun Udruge: Naziv: Udruga Tko se boji sutra jo\u0161? Vukovar IBAN: HR9825000091101503427 SWIFT: HAABHR22 OD SRCA HVALA! DONIRAJ SREDSTVA ZA URE\u0110ENJE NOVOG PROSTORA: https:\/\/www.cinipravustvar.hr\/izazovi\/njihov-drugi-dom\/541 [&hellip;]<\/p>\n","protected":false},"author":1,"featured_media":0,"parent":635,"menu_order":0,"comment_status":"closed","ping_status":"closed","template":"page-templates\/full-width-page.php","meta":{"footnotes":""},"class_list":["post-989","page","type-page","status-publish","hentry"],"_links":{"self":[{"href":"https:\/\/udrugatkosebojisutrajos.com\/index.php?rest_route=\/wp\/v2\/pages\/989","targetHints":{"allow":["GET"]}}],"collection":[{"href":"https:\/\/udrugatkosebojisutrajos.com\/index.php?rest_route=\/wp\/v2\/pages"}],"about":[{"href":"https:\/\/udrugatkosebojisutrajos.com\/index.php?rest_route=\/wp\/v2\/types\/page"}],"author":[{"embeddable":true,"href":"https:\/\/udrugatkosebojisutrajos.com\/index.php?rest_route=\/wp\/v2\/users\/1"}],"replies":[{"embeddable":true,"href":"https:\/\/udrugatkosebojisutrajos.com\/index.php?rest_route=%2Fwp%2Fv2%2Fcomments&post=989"}],"version-history":[{"count":5,"href":"https:\/\/udrugatkosebojisutrajos.com\/index.php?rest_route=\/wp\/v2\/pages\/989\/revisions"}],"predecessor-version":[{"id":2413,"href":"https:\/\/udrugatkosebojisutrajos.com\/index.php?rest_route=\/wp\/v2\/pages\/989\/revisions\/2413"}],"up":[{"embeddable":true,"href":"https:\/\/udrugatkosebojisutrajos.com\/index.php?rest_route=\/wp\/v2\/pages\/635"}],"wp:attachment":[{"href":"https:\/\/udrugatkosebojisutrajos.com\/index.php?rest_route=%2Fwp%2Fv2%2Fmedia&parent=989"}],"curies":[{"name":"wp","href":"https:\/\/api.w.org\/{rel}","templated":true}]}}